{"id":2673,"date":"2018-12-10T07:14:40","date_gmt":"2018-12-10T07:14:40","guid":{"rendered":"https:\/\/elcentrodelafertilidad.com\/hcfertility\/equipo-medico\/"},"modified":"2026-04-14T14:31:30","modified_gmt":"2026-04-14T14:31:30","slug":"equipe-medicale","status":"publish","type":"page","link":"https:\/\/elcentrodelafertilidad.com\/fr\/equipe-medicale\/","title":{"rendered":"\u00c9quipe m\u00e9dicale"},"content":{"rendered":"","protected":false},"excerpt":{"rendered":"","protected":false},"author":1,"featured_media":0,"parent":0,"menu_order":0,"comment_status":"closed","ping_status":"closed","template":"","meta":{"_acf_changed":false},"class_list":["post-2673","page","type-page","status-publish","hentry"],"acf":[],"yoast_head":"<!-- This site is optimized with the Yoast SEO plugin v27.4 - https:\/\/yoast.com\/product\/yoast-seo-wordpress\/ -->\n<title>\u00c9quipe m\u00e9dicale - HC Fertility - El centro de la Fertilidad en Marbella<\/title>\n<meta name=\"description\" content=\"L \u00e9quipe HC fertilit\u00e9 compte sur de sp\u00e9cialistes avec plus de 20 ans d&#039;exp\u00e9rience dans la procr\u00e9ation medicale assist\u00e9e.L&#039;\u00e9tude individualis\u00e9 de chaque patiente et la prise de d\u00e9cision du traitement le plus appropri\u00e9 nous aident \u00e0 atteindre des taux de r\u00e9ussite \u00e9lev\u00e9s dans nos traitements.\" \/>\n<meta name=\"robots\" content=\"index, follow, max-snippet:-1, max-image-preview:large, max-video-preview:-1\" \/>\n<link rel=\"canonical\" href=\"https:\/\/elcentrodelafertilidad.com\/fr\/equipe-medicale\/\" \/>\n<meta property=\"og:locale\" content=\"fr_FR\" \/>\n<meta property=\"og:type\" content=\"article\" \/>\n<meta property=\"og:title\" content=\"\u00c9quipe m\u00e9dicale - HC Fertility - El centro de la Fertilidad en Marbella\" \/>\n<meta property=\"og:description\" content=\"L \u00e9quipe HC fertilit\u00e9 compte sur de sp\u00e9cialistes avec plus de 20 ans d&#039;exp\u00e9rience dans la procr\u00e9ation medicale assist\u00e9e.L&#039;\u00e9tude individualis\u00e9 de chaque patiente et la prise de d\u00e9cision du traitement le plus appropri\u00e9 nous aident \u00e0 atteindre des taux de r\u00e9ussite \u00e9lev\u00e9s dans nos traitements.\" \/>\n<meta property=\"og:url\" content=\"https:\/\/elcentrodelafertilidad.com\/fr\/equipe-medicale\/\" \/>\n<meta property=\"og:site_name\" content=\"HC Fertility - El centro de la Fertilidad en Marbella\" \/>\n<meta property=\"article:modified_time\" content=\"2026-04-14T14:31:30+00:00\" \/>\n<meta name=\"twitter:card\" content=\"summary_large_image\" \/>\n<meta name=\"twitter:label1\" content=\"Est. reading time\" \/>\n\t<meta name=\"twitter:data1\" content=\"9 minutes\" \/>\n<script type=\"application\/ld+json\" class=\"yoast-schema-graph\">{\"@context\":\"https:\\\/\\\/schema.org\",\"@graph\":[{\"@type\":\"WebPage\",\"@id\":\"https:\\\/\\\/elcentrodelafertilidad.com\\\/fr\\\/equipe-medicale\\\/\",\"url\":\"https:\\\/\\\/elcentrodelafertilidad.com\\\/fr\\\/equipe-medicale\\\/\",\"name\":\"\u00c9quipe m\u00e9dicale - HC Fertility - El centro de la Fertilidad en Marbella\",\"isPartOf\":{\"@id\":\"https:\\\/\\\/elcentrodelafertilidad.com\\\/#website\"},\"datePublished\":\"2018-12-10T07:14:40+00:00\",\"dateModified\":\"2026-04-14T14:31:30+00:00\",\"description\":\"L \u00e9quipe HC fertilit\u00e9 compte sur de sp\u00e9cialistes avec plus de 20 ans d'exp\u00e9rience dans la procr\u00e9ation medicale assist\u00e9e.L'\u00e9tude individualis\u00e9 de chaque patiente et la prise de d\u00e9cision du traitement le plus appropri\u00e9 nous aident \u00e0 atteindre des taux de r\u00e9ussite \u00e9lev\u00e9s dans nos traitements.\",\"breadcrumb\":{\"@id\":\"https:\\\/\\\/elcentrodelafertilidad.com\\\/fr\\\/equipe-medicale\\\/#breadcrumb\"},\"inLanguage\":\"fr-FR\",\"potentialAction\":[{\"@type\":\"ReadAction\",\"target\":[\"https:\\\/\\\/elcentrodelafertilidad.com\\\/fr\\\/equipe-medicale\\\/\"]}]},{\"@type\":\"BreadcrumbList\",\"@id\":\"https:\\\/\\\/elcentrodelafertilidad.com\\\/fr\\\/equipe-medicale\\\/#breadcrumb\",\"itemListElement\":[{\"@type\":\"ListItem\",\"position\":1,\"name\":\"Portada\",\"item\":\"https:\\\/\\\/elcentrodelafertilidad.com\\\/fr\\\/\"},{\"@type\":\"ListItem\",\"position\":2,\"name\":\"\u00c9quipe m\u00e9dicale\"}]},{\"@type\":\"WebSite\",\"@id\":\"https:\\\/\\\/elcentrodelafertilidad.com\\\/#website\",\"url\":\"https:\\\/\\\/elcentrodelafertilidad.com\\\/\",\"name\":\"HC Fertility - El centro de la Fertilidad en Marbella\",\"description\":\"Centro de la Fertilidad en Marbella\",\"potentialAction\":[{\"@type\":\"SearchAction\",\"target\":{\"@type\":\"EntryPoint\",\"urlTemplate\":\"https:\\\/\\\/elcentrodelafertilidad.com\\\/?s={search_term_string}\"},\"query-input\":{\"@type\":\"PropertyValueSpecification\",\"valueRequired\":true,\"valueName\":\"search_term_string\"}}],\"inLanguage\":\"fr-FR\"}]}<\/script>\n<!-- \/ Yoast SEO plugin. -->","yoast_head_json":{"title":"\u00c9quipe m\u00e9dicale - HC Fertility - El centro de la Fertilidad en Marbella","description":"L \u00e9quipe HC fertilit\u00e9 compte sur de sp\u00e9cialistes avec plus de 20 ans d'exp\u00e9rience dans la procr\u00e9ation medicale assist\u00e9e.L'\u00e9tude individualis\u00e9 de chaque patiente et la prise de d\u00e9cision du traitement le plus appropri\u00e9 nous aident \u00e0 atteindre des taux de r\u00e9ussite \u00e9lev\u00e9s dans nos traitements.","robots":{"index":"index","follow":"follow","max-snippet":"max-snippet:-1","max-image-preview":"max-image-preview:large","max-video-preview":"max-video-preview:-1"},"canonical":"https:\/\/elcentrodelafertilidad.com\/fr\/equipe-medicale\/","og_locale":"fr_FR","og_type":"article","og_title":"\u00c9quipe m\u00e9dicale - HC Fertility - El centro de la Fertilidad en Marbella","og_description":"L \u00e9quipe HC fertilit\u00e9 compte sur de sp\u00e9cialistes avec plus de 20 ans d'exp\u00e9rience dans la procr\u00e9ation medicale assist\u00e9e.L'\u00e9tude individualis\u00e9 de chaque patiente et la prise de d\u00e9cision du traitement le plus appropri\u00e9 nous aident \u00e0 atteindre des taux de r\u00e9ussite \u00e9lev\u00e9s dans nos traitements.","og_url":"https:\/\/elcentrodelafertilidad.com\/fr\/equipe-medicale\/","og_site_name":"HC Fertility - El centro de la Fertilidad en Marbella","article_modified_time":"2026-04-14T14:31:30+00:00","twitter_card":"summary_large_image","twitter_misc":{"Est. reading time":"9 minutes"},"schema":{"@context":"https:\/\/schema.org","@graph":[{"@type":"WebPage","@id":"https:\/\/elcentrodelafertilidad.com\/fr\/equipe-medicale\/","url":"https:\/\/elcentrodelafertilidad.com\/fr\/equipe-medicale\/","name":"\u00c9quipe m\u00e9dicale - HC Fertility - El centro de la Fertilidad en Marbella","isPartOf":{"@id":"https:\/\/elcentrodelafertilidad.com\/#website"},"datePublished":"2018-12-10T07:14:40+00:00","dateModified":"2026-04-14T14:31:30+00:00","description":"L \u00e9quipe HC fertilit\u00e9 compte sur de sp\u00e9cialistes avec plus de 20 ans d'exp\u00e9rience dans la procr\u00e9ation medicale assist\u00e9e.L'\u00e9tude individualis\u00e9 de chaque patiente et la prise de d\u00e9cision du traitement le plus appropri\u00e9 nous aident \u00e0 atteindre des taux de r\u00e9ussite \u00e9lev\u00e9s dans nos traitements.","breadcrumb":{"@id":"https:\/\/elcentrodelafertilidad.com\/fr\/equipe-medicale\/#breadcrumb"},"inLanguage":"fr-FR","potentialAction":[{"@type":"ReadAction","target":["https:\/\/elcentrodelafertilidad.com\/fr\/equipe-medicale\/"]}]},{"@type":"BreadcrumbList","@id":"https:\/\/elcentrodelafertilidad.com\/fr\/equipe-medicale\/#breadcrumb","itemListElement":[{"@type":"ListItem","position":1,"name":"Portada","item":"https:\/\/elcentrodelafertilidad.com\/fr\/"},{"@type":"ListItem","position":2,"name":"\u00c9quipe m\u00e9dicale"}]},{"@type":"WebSite","@id":"https:\/\/elcentrodelafertilidad.com\/#website","url":"https:\/\/elcentrodelafertilidad.com\/","name":"HC Fertility - El centro de la Fertilidad en Marbella","description":"Centro de la Fertilidad en Marbella","potentialAction":[{"@type":"SearchAction","target":{"@type":"EntryPoint","urlTemplate":"https:\/\/elcentrodelafertilidad.com\/?s={search_term_string}"},"query-input":{"@type":"PropertyValueSpecification","valueRequired":true,"valueName":"search_term_string"}}],"inLanguage":"fr-FR"}]}},"_links":{"self":[{"href":"https:\/\/elcentrodelafertilidad.com\/fr\/wp-json\/wp\/v2\/pages\/2673","targetHints":{"allow":["GET"]}}],"collection":[{"href":"https:\/\/elcentrodelafertilidad.com\/fr\/wp-json\/wp\/v2\/pages"}],"about":[{"href":"https:\/\/elcentrodelafertilidad.com\/fr\/wp-json\/wp\/v2\/types\/page"}],"author":[{"embeddable":true,"href":"https:\/\/elcentrodelafertilidad.com\/fr\/wp-json\/wp\/v2\/users\/1"}],"replies":[{"embeddable":true,"href":"https:\/\/elcentrodelafertilidad.com\/fr\/wp-json\/wp\/v2\/comments?post=2673"}],"version-history":[{"count":0,"href":"https:\/\/elcentrodelafertilidad.com\/fr\/wp-json\/wp\/v2\/pages\/2673\/revisions"}],"wp:attachment":[{"href":"https:\/\/elcentrodelafertilidad.com\/fr\/wp-json\/wp\/v2\/media?parent=2673"}],"curies":[{"name":"wp","href":"https:\/\/api.w.org\/{rel}","templated":true}]}}