{"id":2679,"date":"2018-12-10T07:14:54","date_gmt":"2018-12-10T07:14:54","guid":{"rendered":"https:\/\/elcentrodelafertilidad.com\/hcfertility\/instalaciones\/"},"modified":"2022-08-19T11:27:38","modified_gmt":"2022-08-19T11:27:38","slug":"installations","status":"publish","type":"page","link":"https:\/\/elcentrodelafertilidad.com\/fr\/installations\/","title":{"rendered":"Installations"},"content":{"rendered":"","protected":false},"excerpt":{"rendered":"","protected":false},"author":1,"featured_media":0,"parent":0,"menu_order":0,"comment_status":"closed","ping_status":"closed","template":"","meta":{"_acf_changed":false},"class_list":["post-2679","page","type-page","status-publish","hentry"],"acf":[],"yoast_head":"<!-- This site is optimized with the Yoast SEO plugin v27.4 - https:\/\/yoast.com\/product\/yoast-seo-wordpress\/ -->\n<title>Installations - HC Fertility - El centro de la Fertilidad en Marbella<\/title>\n<meta name=\"description\" content=\"Nous sommes situ\u00e9s \u00e0 200 m\u00e8tres de la mer, dans des installations uniques, entour\u00e9es dejardins qui offrent une intimit\u00e9 absolue au patient, o\u00f9 vous pouvez vous d\u00e9connecter etmarcher, ce qui fournit la d\u00e9tente n\u00e9cessaire dans ces circonstances.\" \/>\n<meta name=\"robots\" content=\"index, follow, max-snippet:-1, max-image-preview:large, max-video-preview:-1\" \/>\n<link rel=\"canonical\" href=\"https:\/\/elcentrodelafertilidad.com\/fr\/installations\/\" \/>\n<meta property=\"og:locale\" content=\"fr_FR\" \/>\n<meta property=\"og:type\" content=\"article\" \/>\n<meta property=\"og:title\" content=\"Installations - HC Fertility - El centro de la Fertilidad en Marbella\" \/>\n<meta property=\"og:description\" content=\"Nous sommes situ\u00e9s \u00e0 200 m\u00e8tres de la mer, dans des installations uniques, entour\u00e9es dejardins qui offrent une intimit\u00e9 absolue au patient, o\u00f9 vous pouvez vous d\u00e9connecter etmarcher, ce qui fournit la d\u00e9tente n\u00e9cessaire dans ces circonstances.\" \/>\n<meta property=\"og:url\" content=\"https:\/\/elcentrodelafertilidad.com\/fr\/installations\/\" \/>\n<meta property=\"og:site_name\" content=\"HC Fertility - El centro de la Fertilidad en Marbella\" \/>\n<meta property=\"article:modified_time\" content=\"2022-08-19T11:27:38+00:00\" \/>\n<meta name=\"twitter:card\" content=\"summary_large_image\" \/>\n<script type=\"application\/ld+json\" class=\"yoast-schema-graph\">{\"@context\":\"https:\\\/\\\/schema.org\",\"@graph\":[{\"@type\":\"WebPage\",\"@id\":\"https:\\\/\\\/elcentrodelafertilidad.com\\\/fr\\\/installations\\\/\",\"url\":\"https:\\\/\\\/elcentrodelafertilidad.com\\\/fr\\\/installations\\\/\",\"name\":\"Installations - HC Fertility - El centro de la Fertilidad en Marbella\",\"isPartOf\":{\"@id\":\"https:\\\/\\\/elcentrodelafertilidad.com\\\/#website\"},\"datePublished\":\"2018-12-10T07:14:54+00:00\",\"dateModified\":\"2022-08-19T11:27:38+00:00\",\"description\":\"Nous sommes situ\u00e9s \u00e0 200 m\u00e8tres de la mer, dans des installations uniques, entour\u00e9es dejardins qui offrent une intimit\u00e9 absolue au patient, o\u00f9 vous pouvez vous d\u00e9connecter etmarcher, ce qui fournit la d\u00e9tente n\u00e9cessaire dans ces circonstances.\",\"breadcrumb\":{\"@id\":\"https:\\\/\\\/elcentrodelafertilidad.com\\\/fr\\\/installations\\\/#breadcrumb\"},\"inLanguage\":\"fr-FR\",\"potentialAction\":[{\"@type\":\"ReadAction\",\"target\":[\"https:\\\/\\\/elcentrodelafertilidad.com\\\/fr\\\/installations\\\/\"]}]},{\"@type\":\"BreadcrumbList\",\"@id\":\"https:\\\/\\\/elcentrodelafertilidad.com\\\/fr\\\/installations\\\/#breadcrumb\",\"itemListElement\":[{\"@type\":\"ListItem\",\"position\":1,\"name\":\"Portada\",\"item\":\"https:\\\/\\\/elcentrodelafertilidad.com\\\/fr\\\/\"},{\"@type\":\"ListItem\",\"position\":2,\"name\":\"Installations\"}]},{\"@type\":\"WebSite\",\"@id\":\"https:\\\/\\\/elcentrodelafertilidad.com\\\/#website\",\"url\":\"https:\\\/\\\/elcentrodelafertilidad.com\\\/\",\"name\":\"HC Fertility - El centro de la Fertilidad en Marbella\",\"description\":\"Centro de la Fertilidad en Marbella\",\"potentialAction\":[{\"@type\":\"SearchAction\",\"target\":{\"@type\":\"EntryPoint\",\"urlTemplate\":\"https:\\\/\\\/elcentrodelafertilidad.com\\\/?s={search_term_string}\"},\"query-input\":{\"@type\":\"PropertyValueSpecification\",\"valueRequired\":true,\"valueName\":\"search_term_string\"}}],\"inLanguage\":\"fr-FR\"}]}<\/script>\n<!-- \/ Yoast SEO plugin. -->","yoast_head_json":{"title":"Installations - HC Fertility - El centro de la Fertilidad en Marbella","description":"Nous sommes situ\u00e9s \u00e0 200 m\u00e8tres de la mer, dans des installations uniques, entour\u00e9es dejardins qui offrent une intimit\u00e9 absolue au patient, o\u00f9 vous pouvez vous d\u00e9connecter etmarcher, ce qui fournit la d\u00e9tente n\u00e9cessaire dans ces circonstances.","robots":{"index":"index","follow":"follow","max-snippet":"max-snippet:-1","max-image-preview":"max-image-preview:large","max-video-preview":"max-video-preview:-1"},"canonical":"https:\/\/elcentrodelafertilidad.com\/fr\/installations\/","og_locale":"fr_FR","og_type":"article","og_title":"Installations - HC Fertility - El centro de la Fertilidad en Marbella","og_description":"Nous sommes situ\u00e9s \u00e0 200 m\u00e8tres de la mer, dans des installations uniques, entour\u00e9es dejardins qui offrent une intimit\u00e9 absolue au patient, o\u00f9 vous pouvez vous d\u00e9connecter etmarcher, ce qui fournit la d\u00e9tente n\u00e9cessaire dans ces circonstances.","og_url":"https:\/\/elcentrodelafertilidad.com\/fr\/installations\/","og_site_name":"HC Fertility - El centro de la Fertilidad en Marbella","article_modified_time":"2022-08-19T11:27:38+00:00","twitter_card":"summary_large_image","schema":{"@context":"https:\/\/schema.org","@graph":[{"@type":"WebPage","@id":"https:\/\/elcentrodelafertilidad.com\/fr\/installations\/","url":"https:\/\/elcentrodelafertilidad.com\/fr\/installations\/","name":"Installations - HC Fertility - El centro de la Fertilidad en Marbella","isPartOf":{"@id":"https:\/\/elcentrodelafertilidad.com\/#website"},"datePublished":"2018-12-10T07:14:54+00:00","dateModified":"2022-08-19T11:27:38+00:00","description":"Nous sommes situ\u00e9s \u00e0 200 m\u00e8tres de la mer, dans des installations uniques, entour\u00e9es dejardins qui offrent une intimit\u00e9 absolue au patient, o\u00f9 vous pouvez vous d\u00e9connecter etmarcher, ce qui fournit la d\u00e9tente n\u00e9cessaire dans ces circonstances.","breadcrumb":{"@id":"https:\/\/elcentrodelafertilidad.com\/fr\/installations\/#breadcrumb"},"inLanguage":"fr-FR","potentialAction":[{"@type":"ReadAction","target":["https:\/\/elcentrodelafertilidad.com\/fr\/installations\/"]}]},{"@type":"BreadcrumbList","@id":"https:\/\/elcentrodelafertilidad.com\/fr\/installations\/#breadcrumb","itemListElement":[{"@type":"ListItem","position":1,"name":"Portada","item":"https:\/\/elcentrodelafertilidad.com\/fr\/"},{"@type":"ListItem","position":2,"name":"Installations"}]},{"@type":"WebSite","@id":"https:\/\/elcentrodelafertilidad.com\/#website","url":"https:\/\/elcentrodelafertilidad.com\/","name":"HC Fertility - El centro de la Fertilidad en Marbella","description":"Centro de la Fertilidad en Marbella","potentialAction":[{"@type":"SearchAction","target":{"@type":"EntryPoint","urlTemplate":"https:\/\/elcentrodelafertilidad.com\/?s={search_term_string}"},"query-input":{"@type":"PropertyValueSpecification","valueRequired":true,"valueName":"search_term_string"}}],"inLanguage":"fr-FR"}]}},"_links":{"self":[{"href":"https:\/\/elcentrodelafertilidad.com\/fr\/wp-json\/wp\/v2\/pages\/2679","targetHints":{"allow":["GET"]}}],"collection":[{"href":"https:\/\/elcentrodelafertilidad.com\/fr\/wp-json\/wp\/v2\/pages"}],"about":[{"href":"https:\/\/elcentrodelafertilidad.com\/fr\/wp-json\/wp\/v2\/types\/page"}],"author":[{"embeddable":true,"href":"https:\/\/elcentrodelafertilidad.com\/fr\/wp-json\/wp\/v2\/users\/1"}],"replies":[{"embeddable":true,"href":"https:\/\/elcentrodelafertilidad.com\/fr\/wp-json\/wp\/v2\/comments?post=2679"}],"version-history":[{"count":0,"href":"https:\/\/elcentrodelafertilidad.com\/fr\/wp-json\/wp\/v2\/pages\/2679\/revisions"}],"wp:attachment":[{"href":"https:\/\/elcentrodelafertilidad.com\/fr\/wp-json\/wp\/v2\/media?parent=2679"}],"curies":[{"name":"wp","href":"https:\/\/api.w.org\/{rel}","templated":true}]}}