{"id":29711,"date":"2025-08-26T10:26:14","date_gmt":"2025-08-26T10:26:14","guid":{"rendered":"https:\/\/elcentrodelafertilidad.com\/?page_id=29711"},"modified":"2026-04-17T08:17:31","modified_gmt":"2026-04-17T08:17:31","slug":"hc-fertility","status":"publish","type":"page","link":"https:\/\/elcentrodelafertilidad.com\/fr\/","title":{"rendered":"HC Fertility"},"content":{"rendered":"","protected":false},"excerpt":{"rendered":"","protected":false},"author":1,"featured_media":0,"parent":0,"menu_order":0,"comment_status":"closed","ping_status":"closed","template":"home.php","meta":{"_acf_changed":false},"class_list":["post-29711","page","type-page","status-publish","hentry"],"acf":[],"yoast_head":"<!-- This site is optimized with the Yoast SEO plugin v27.4 - https:\/\/yoast.com\/product\/yoast-seo-wordpress\/ -->\n<title>HC Fertility. Le centre de la fertilit\u00e9 \u00e0 Marbella<\/title>\n<meta name=\"description\" content=\"Centre de la fertilit\u00e9 \u00e0 Marbella, dot\u00e9 des techniques de laboratoire les plus avant-gardistes. FIV. M\u00e9thode ROPA. Don d\u2019ovules. Preservation de la fertilit\u00e9.\" \/>\n<meta name=\"robots\" content=\"index, follow, max-snippet:-1, max-image-preview:large, max-video-preview:-1\" \/>\n<link rel=\"canonical\" href=\"https:\/\/elcentrodelafertilidad.com\/fr\/\" \/>\n<meta property=\"og:locale\" content=\"fr_FR\" \/>\n<meta property=\"og:type\" content=\"article\" \/>\n<meta property=\"og:title\" content=\"HC Fertility. Le centre de la fertilit\u00e9 \u00e0 Marbella\" \/>\n<meta property=\"og:description\" content=\"Centre de la fertilit\u00e9 \u00e0 Marbella, dot\u00e9 des techniques de laboratoire les plus avant-gardistes. FIV. M\u00e9thode ROPA. Don d\u2019ovules. Preservation de la fertilit\u00e9.\" \/>\n<meta property=\"og:url\" content=\"https:\/\/elcentrodelafertilidad.com\/fr\/\" \/>\n<meta property=\"og:site_name\" content=\"HC Fertility - El centro de la Fertilidad en Marbella\" \/>\n<meta property=\"article:modified_time\" content=\"2026-04-17T08:17:31+00:00\" \/>\n<meta name=\"twitter:card\" content=\"summary_large_image\" \/>\n<meta name=\"twitter:label1\" content=\"Est. reading time\" \/>\n\t<meta name=\"twitter:data1\" content=\"5 minutes\" \/>\n<script type=\"application\/ld+json\" class=\"yoast-schema-graph\">{\"@context\":\"https:\\\/\\\/schema.org\",\"@graph\":[{\"@type\":\"WebPage\",\"@id\":\"https:\\\/\\\/elcentrodelafertilidad.com\\\/fr\\\/\",\"url\":\"https:\\\/\\\/elcentrodelafertilidad.com\\\/fr\\\/\",\"name\":\"HC Fertility. Le centre de la fertilit\u00e9 \u00e0 Marbella\",\"isPartOf\":{\"@id\":\"https:\\\/\\\/elcentrodelafertilidad.com\\\/#website\"},\"datePublished\":\"2025-08-26T10:26:14+00:00\",\"dateModified\":\"2026-04-17T08:17:31+00:00\",\"description\":\"Centre de la fertilit\u00e9 \u00e0 Marbella, dot\u00e9 des techniques de laboratoire les plus avant-gardistes. FIV. M\u00e9thode ROPA. Don d\u2019ovules. Preservation de la fertilit\u00e9.\",\"breadcrumb\":{\"@id\":\"https:\\\/\\\/elcentrodelafertilidad.com\\\/fr\\\/#breadcrumb\"},\"inLanguage\":\"fr-FR\",\"potentialAction\":[{\"@type\":\"ReadAction\",\"target\":[\"https:\\\/\\\/elcentrodelafertilidad.com\\\/fr\\\/\"]}]},{\"@type\":\"BreadcrumbList\",\"@id\":\"https:\\\/\\\/elcentrodelafertilidad.com\\\/fr\\\/#breadcrumb\",\"itemListElement\":[{\"@type\":\"ListItem\",\"position\":1,\"name\":\"Portada\",\"item\":\"https:\\\/\\\/elcentrodelafertilidad.com\\\/fr\\\/\"},{\"@type\":\"ListItem\",\"position\":2,\"name\":\"HC Fertility\"}]},{\"@type\":\"WebSite\",\"@id\":\"https:\\\/\\\/elcentrodelafertilidad.com\\\/#website\",\"url\":\"https:\\\/\\\/elcentrodelafertilidad.com\\\/\",\"name\":\"HC Fertility - El centro de la Fertilidad en Marbella\",\"description\":\"Centro de la Fertilidad en Marbella\",\"potentialAction\":[{\"@type\":\"SearchAction\",\"target\":{\"@type\":\"EntryPoint\",\"urlTemplate\":\"https:\\\/\\\/elcentrodelafertilidad.com\\\/?s={search_term_string}\"},\"query-input\":{\"@type\":\"PropertyValueSpecification\",\"valueRequired\":true,\"valueName\":\"search_term_string\"}}],\"inLanguage\":\"fr-FR\"}]}<\/script>\n<!-- \/ Yoast SEO plugin. -->","yoast_head_json":{"title":"HC Fertility. Le centre de la fertilit\u00e9 \u00e0 Marbella","description":"Centre de la fertilit\u00e9 \u00e0 Marbella, dot\u00e9 des techniques de laboratoire les plus avant-gardistes. FIV. M\u00e9thode ROPA. Don d\u2019ovules. Preservation de la fertilit\u00e9.","robots":{"index":"index","follow":"follow","max-snippet":"max-snippet:-1","max-image-preview":"max-image-preview:large","max-video-preview":"max-video-preview:-1"},"canonical":"https:\/\/elcentrodelafertilidad.com\/fr\/","og_locale":"fr_FR","og_type":"article","og_title":"HC Fertility. Le centre de la fertilit\u00e9 \u00e0 Marbella","og_description":"Centre de la fertilit\u00e9 \u00e0 Marbella, dot\u00e9 des techniques de laboratoire les plus avant-gardistes. FIV. M\u00e9thode ROPA. Don d\u2019ovules. Preservation de la fertilit\u00e9.","og_url":"https:\/\/elcentrodelafertilidad.com\/fr\/","og_site_name":"HC Fertility - El centro de la Fertilidad en Marbella","article_modified_time":"2026-04-17T08:17:31+00:00","twitter_card":"summary_large_image","twitter_misc":{"Est. reading time":"5 minutes"},"schema":{"@context":"https:\/\/schema.org","@graph":[{"@type":"WebPage","@id":"https:\/\/elcentrodelafertilidad.com\/fr\/","url":"https:\/\/elcentrodelafertilidad.com\/fr\/","name":"HC Fertility. Le centre de la fertilit\u00e9 \u00e0 Marbella","isPartOf":{"@id":"https:\/\/elcentrodelafertilidad.com\/#website"},"datePublished":"2025-08-26T10:26:14+00:00","dateModified":"2026-04-17T08:17:31+00:00","description":"Centre de la fertilit\u00e9 \u00e0 Marbella, dot\u00e9 des techniques de laboratoire les plus avant-gardistes. FIV. M\u00e9thode ROPA. Don d\u2019ovules. Preservation de la fertilit\u00e9.","breadcrumb":{"@id":"https:\/\/elcentrodelafertilidad.com\/fr\/#breadcrumb"},"inLanguage":"fr-FR","potentialAction":[{"@type":"ReadAction","target":["https:\/\/elcentrodelafertilidad.com\/fr\/"]}]},{"@type":"BreadcrumbList","@id":"https:\/\/elcentrodelafertilidad.com\/fr\/#breadcrumb","itemListElement":[{"@type":"ListItem","position":1,"name":"Portada","item":"https:\/\/elcentrodelafertilidad.com\/fr\/"},{"@type":"ListItem","position":2,"name":"HC Fertility"}]},{"@type":"WebSite","@id":"https:\/\/elcentrodelafertilidad.com\/#website","url":"https:\/\/elcentrodelafertilidad.com\/","name":"HC Fertility - El centro de la Fertilidad en Marbella","description":"Centro de la Fertilidad en Marbella","potentialAction":[{"@type":"SearchAction","target":{"@type":"EntryPoint","urlTemplate":"https:\/\/elcentrodelafertilidad.com\/?s={search_term_string}"},"query-input":{"@type":"PropertyValueSpecification","valueRequired":true,"valueName":"search_term_string"}}],"inLanguage":"fr-FR"}]}},"_links":{"self":[{"href":"https:\/\/elcentrodelafertilidad.com\/fr\/wp-json\/wp\/v2\/pages\/29711","targetHints":{"allow":["GET"]}}],"collection":[{"href":"https:\/\/elcentrodelafertilidad.com\/fr\/wp-json\/wp\/v2\/pages"}],"about":[{"href":"https:\/\/elcentrodelafertilidad.com\/fr\/wp-json\/wp\/v2\/types\/page"}],"author":[{"embeddable":true,"href":"https:\/\/elcentrodelafertilidad.com\/fr\/wp-json\/wp\/v2\/users\/1"}],"replies":[{"embeddable":true,"href":"https:\/\/elcentrodelafertilidad.com\/fr\/wp-json\/wp\/v2\/comments?post=29711"}],"version-history":[{"count":0,"href":"https:\/\/elcentrodelafertilidad.com\/fr\/wp-json\/wp\/v2\/pages\/29711\/revisions"}],"wp:attachment":[{"href":"https:\/\/elcentrodelafertilidad.com\/fr\/wp-json\/wp\/v2\/media?parent=29711"}],"curies":[{"name":"wp","href":"https:\/\/api.w.org\/{rel}","templated":true}]}}